{"id":1575,"date":"2025-09-24T13:39:25","date_gmt":"2025-09-24T11:39:25","guid":{"rendered":"https:\/\/www.parcelbox.net\/?page_id=1575"},"modified":"2025-12-05T10:57:26","modified_gmt":"2025-12-05T09:57:26","slug":"aviso-legal","status":"publish","type":"page","link":"https:\/\/www.parcelbox.net\/en\/aviso-legal\/","title":{"rendered":"Aviso Legal"},"content":{"rendered":"<div data-elementor-type=\"wp-page\" data-elementor-id=\"1575\" class=\"elementor elementor-1575\" data-elementor-post-type=\"page\">\n\t\t\t\t<div class=\"elementor-element elementor-element-f8e0cec e-flex e-con-boxed e-con e-parent\" data-id=\"f8e0cec\" data-element_type=\"container\" data-e-type=\"container\" data-settings=\"{&quot;background_background&quot;:&quot;classic&quot;}\">\n\t\t\t\t\t<div class=\"e-con-inner\">\n\t\t<div class=\"elementor-element elementor-element-770b597 e-con-full e-flex e-con e-child\" data-id=\"770b597\" data-element_type=\"container\" data-e-type=\"container\">\n\t\t\t\t<div class=\"elementor-element elementor-element-858efc1 elementor-widget__width-initial elementor-widget-mobile__width-inherit elementor-widget elementor-widget-heading\" data-id=\"858efc1\" data-element_type=\"widget\" data-e-type=\"widget\" data-widget_type=\"heading.default\">\n\t\t\t\t\t<h1 class=\"elementor-heading-title elementor-size-default\">Aviso Legal<\/h1>\t\t\t\t<\/div>\n\t\t\t\t<\/div>\n\t\t\t\t\t<\/div>\n\t\t\t\t<\/div>\n\t\t<div class=\"elementor-element elementor-element-ef8ec92 e-flex e-con-boxed e-con e-parent\" data-id=\"ef8ec92\" data-element_type=\"container\" data-e-type=\"container\">\n\t\t\t\t\t<div class=\"e-con-inner\">\n\t\t<div class=\"elementor-element elementor-element-c6eab7d e-con-full e-flex e-con e-child\" data-id=\"c6eab7d\" data-element_type=\"container\" data-e-type=\"container\">\n\t\t\t\t<div class=\"elementor-element elementor-element-32252e2 elementor-widget elementor-widget-text-editor\" data-id=\"32252e2\" data-element_type=\"widget\" data-e-type=\"widget\" data-widget_type=\"text-editor.default\">\n\t\t\t\t\t\t\t\t\t<ol>\n<li><strong> General Information<\/strong><\/li>\n<\/ol>\n<p>In compliance with the duty of information set out in Law 34\/2002 on Information Society Services and Electronic Commerce (LSSI-CE), the following details are provided:<\/p>\n<p>Titular de la web:&nbsp;<span data-teams=\"true\"><span style=\"font-size: inherit;\">K-<\/span>ECommerce Hub Spain, S.A<\/span>, que act\u00faa bajo la marca comercial Parcel Box<\/p>\n<p>Tax ID (CIF): A02981694.<\/p>\n<p>Registered office: Avenida Sur del Aeropuerto de Barajas, 16, 28042 Madrid.<\/p>\n<ol start=\"2\">\n<li><strong> Intellectual and Industrial Property<\/strong><\/li>\n<\/ol>\n<p>All content on this website (texts, images, graphic design, source code, trademarks, logos, etc.) is the property of Parcel Box or third parties with whom an agreement has been reached, and is protected by intellectual and industrial property regulations.<\/p>\n<p>Its reproduction, distribution, or modification without express authorization is prohibited.<\/p>\n<ol start=\"3\">\n<li><strong> Liability<\/strong><\/li>\n<\/ol>\n<p>Parcel Box is not responsible for the misuse of the contents of its website. Nor do we assume responsibility for third-party information accessed through external links.<\/p>\n<ol start=\"4\">\n<li><strong> Applicable Law<\/strong><\/li>\n<\/ol>\n<p>The relationship between the user and Parcel Box shall be governed by the applicable Spanish legislation. For the resolution of disputes, both parties shall submit to the courts and tribunals of the user\u2019s domicile, provided it is located within Spanish territory.<\/p>\t\t\t\t\t\t\t\t<\/div>\n\t\t\t\t<\/div>\n\t\t\t\t\t<\/div>\n\t\t\t\t<\/div>\n\t\t\t\t<\/div>","protected":false},"excerpt":{"rendered":"<p>Aviso Legal Informaci\u00f3n general En cumplimiento con el deber de informaci\u00f3n recogido en la Ley 34\/2002, de Servicios de la Sociedad de la Informaci\u00f3n y Comercio Electr\u00f3nico (LSSI-CE), se informa de los siguientes datos: Titular de la web:&nbsp;K-ECommerce Hub Spain, S.A, que act\u00faa bajo la marca comercial Parcel Box NIF: A02981694 Domicilio social: Avenida Sur [&hellip;]<\/p>\n","protected":false},"author":2,"featured_media":188,"parent":0,"menu_order":0,"comment_status":"closed","ping_status":"closed","template":"elementor_theme","meta":{"footnotes":""},"class_list":["post-1575","page","type-page","status-publish","has-post-thumbnail","hentry"],"_links":{"self":[{"href":"https:\/\/www.parcelbox.net\/en\/wp-json\/wp\/v2\/pages\/1575","targetHints":{"allow":["GET"]}}],"collection":[{"href":"https:\/\/www.parcelbox.net\/en\/wp-json\/wp\/v2\/pages"}],"about":[{"href":"https:\/\/www.parcelbox.net\/en\/wp-json\/wp\/v2\/types\/page"}],"author":[{"embeddable":true,"href":"https:\/\/www.parcelbox.net\/en\/wp-json\/wp\/v2\/users\/2"}],"replies":[{"embeddable":true,"href":"https:\/\/www.parcelbox.net\/en\/wp-json\/wp\/v2\/comments?post=1575"}],"version-history":[{"count":14,"href":"https:\/\/www.parcelbox.net\/en\/wp-json\/wp\/v2\/pages\/1575\/revisions"}],"predecessor-version":[{"id":1671,"href":"https:\/\/www.parcelbox.net\/en\/wp-json\/wp\/v2\/pages\/1575\/revisions\/1671"}],"wp:featuredmedia":[{"embeddable":true,"href":"https:\/\/www.parcelbox.net\/en\/wp-json\/wp\/v2\/media\/188"}],"wp:attachment":[{"href":"https:\/\/www.parcelbox.net\/en\/wp-json\/wp\/v2\/media?parent=1575"}],"curies":[{"name":"wp","href":"https:\/\/api.w.org\/{rel}","templated":true}]}}