{"id":1394,"date":"2025-09-03T18:00:51","date_gmt":"2025-09-03T16:00:51","guid":{"rendered":"https:\/\/www.parcelbox.net\/?page_id=1394"},"modified":"2025-09-22T13:07:47","modified_gmt":"2025-09-22T11:07:47","slug":"politica-de-cookies","status":"publish","type":"page","link":"https:\/\/www.parcelbox.net\/pt\/politica-de-cookies\/","title":{"rendered":"Pol\u00edtica de cookies"},"content":{"rendered":"<div data-elementor-type=\"wp-page\" data-elementor-id=\"1394\" class=\"elementor elementor-1394\" data-elementor-post-type=\"page\">\n\t\t\t\t<div class=\"elementor-element elementor-element-f8e0cec e-flex e-con-boxed e-con e-parent\" data-id=\"f8e0cec\" data-element_type=\"container\" data-e-type=\"container\" data-settings=\"{&quot;background_background&quot;:&quot;classic&quot;}\">\n\t\t\t\t\t<div class=\"e-con-inner\">\n\t\t<div class=\"elementor-element elementor-element-770b597 e-con-full e-flex e-con e-child\" data-id=\"770b597\" data-element_type=\"container\" data-e-type=\"container\">\n\t\t\t\t<div class=\"elementor-element elementor-element-858efc1 elementor-widget__width-initial elementor-widget-mobile__width-inherit elementor-widget elementor-widget-heading\" data-id=\"858efc1\" data-element_type=\"widget\" data-e-type=\"widget\" data-widget_type=\"heading.default\">\n\t\t\t\t\t<h1 class=\"elementor-heading-title elementor-size-default\">Pol\u00edtica de cookies<\/h1>\t\t\t\t<\/div>\n\t\t\t\t<\/div>\n\t\t\t\t\t<\/div>\n\t\t\t\t<\/div>\n\t\t<div class=\"elementor-element elementor-element-ef8ec92 e-flex e-con-boxed e-con e-parent\" data-id=\"ef8ec92\" data-element_type=\"container\" data-e-type=\"container\">\n\t\t\t\t\t<div class=\"e-con-inner\">\n\t\t<div class=\"elementor-element elementor-element-c6eab7d e-con-full e-flex e-con e-child\" data-id=\"c6eab7d\" data-element_type=\"container\" data-e-type=\"container\">\n\t\t\t\t<div class=\"elementor-element elementor-element-32252e2 elementor-widget elementor-widget-text-editor\" data-id=\"32252e2\" data-element_type=\"widget\" data-e-type=\"widget\" data-widget_type=\"text-editor.default\">\n\t\t\t\t\t\t\t\t\t<ol>\n \t<li><strong>O que s\u00e3o cookies?<\/strong><\/li>\n<\/ol>\nOs cookies s\u00e3o pequenos ficheiros que se instalam no seu dispositivo ao navegar no site. Ajudam-nos a melhorar a sua experi\u00eancia de utiliza\u00e7\u00e3o e a garantir que tudo funciona de forma \u00e1gil e segura.\n\n<br>\n<ol start=\"2\">\n \t<li><strong>Que tipos de cookies utilizamos?<\/strong><\/li>\n<\/ol>\n<ul>\n \t<li>Cookies t\u00e9cnicas:\u202fS\u00e3o necess\u00e1rias para que o site funcione corretamente. Sem as Cookies n\u00e3o poderia navegar normalmente.<\/li>\n \t<li>Cookies de an\u00e1lise (Google Analytics):\u202fPermitem-nos conhecer dados de utiliza\u00e7\u00e3o do site de forma an\u00f3nima, como o n\u00famero de visitas e as p\u00e1ginas mais consultadas. Assim, conseguimos melhorar o servi\u00e7o.<\/li>\n \t<li>Cookies de marketing (Mailchimp, se aceitar subscrever):\u202fAjudam a personalizar a comunica\u00e7\u00e3o que enviamos por e-mail, sempre com o seu consentimento.<\/li>\n<\/ul>\n\n<br>\n<ol start=\"3\">\n \t<li><strong>Como pode geri-las?<\/strong><\/li>\n<\/ol>\nAo entrar no nosso site, ver\u00e1 um banner onde pode aceitar, rejeitar ou configurar as cookies de acordo com as suas prefer\u00eancias. A qualquer momento pode alterar essa decis\u00e3o atrav\u00e9s do seu navegador, eliminando ou bloqueando cookies.\n\n<br>\n<ol start=\"4\">\n \t<li><strong>Dura\u00e7\u00e3o das cookies<\/strong><\/li>\n<\/ol>\nCada cookie tem o seu pr\u00f3prio tempo de validade, que pode variar de alguns minutos at\u00e9 um m\u00e1ximo de dois anos, dependendo do tipo e da finalidade.\n\n<br>\n<ol start=\"5\">\n \t<li><strong>Lembre-se<\/strong><\/li>\n<\/ol>\nNa Parcel Box trabalhamos para que as suas gest\u00f5es sejam r\u00e1pidas e simples. As cookies s\u00e3o apenas uma ferramenta adicional para o ajudar a utilizar o nosso site da forma mais c\u00f3moda poss\u00edvel.\t\t\t\t\t\t\t\t<\/div>\n\t\t\t\t<\/div>\n\t\t\t\t\t<\/div>\n\t\t\t\t<\/div>\n\t\t\t\t<\/div>","protected":false},"excerpt":{"rendered":"<p>Pol\u00edtica de cookies \u00bfQu\u00e9 son las cookies? Las cookies son peque\u00f1os archivos que se instalan en tu dispositivo al navegar por la web. Nos ayudan a mejorar la experiencia de uso y a que todo funcione de forma \u00e1gil y segura. \u00bfQu\u00e9 tipos de cookies usamos? Cookies t\u00e9cnicas: Son necesarias para que la web funcione [&hellip;]<\/p>\n","protected":false},"author":2,"featured_media":188,"parent":0,"menu_order":0,"comment_status":"closed","ping_status":"closed","template":"elementor_theme","meta":{"footnotes":""},"class_list":["post-1394","page","type-page","status-publish","has-post-thumbnail","hentry"],"_links":{"self":[{"href":"https:\/\/www.parcelbox.net\/pt\/wp-json\/wp\/v2\/pages\/1394","targetHints":{"allow":["GET"]}}],"collection":[{"href":"https:\/\/www.parcelbox.net\/pt\/wp-json\/wp\/v2\/pages"}],"about":[{"href":"https:\/\/www.parcelbox.net\/pt\/wp-json\/wp\/v2\/types\/page"}],"author":[{"embeddable":true,"href":"https:\/\/www.parcelbox.net\/pt\/wp-json\/wp\/v2\/users\/2"}],"replies":[{"embeddable":true,"href":"https:\/\/www.parcelbox.net\/pt\/wp-json\/wp\/v2\/comments?post=1394"}],"version-history":[{"count":13,"href":"https:\/\/www.parcelbox.net\/pt\/wp-json\/wp\/v2\/pages\/1394\/revisions"}],"predecessor-version":[{"id":1544,"href":"https:\/\/www.parcelbox.net\/pt\/wp-json\/wp\/v2\/pages\/1394\/revisions\/1544"}],"wp:featuredmedia":[{"embeddable":true,"href":"https:\/\/www.parcelbox.net\/pt\/wp-json\/wp\/v2\/media\/188"}],"wp:attachment":[{"href":"https:\/\/www.parcelbox.net\/pt\/wp-json\/wp\/v2\/media?parent=1394"}],"curies":[{"name":"wp","href":"https:\/\/api.w.org\/{rel}","templated":true}]}}