{"id":1575,"date":"2025-09-24T13:39:25","date_gmt":"2025-09-24T11:39:25","guid":{"rendered":"https:\/\/www.parcelbox.net\/?page_id=1575"},"modified":"2025-12-05T10:57:26","modified_gmt":"2025-12-05T09:57:26","slug":"aviso-legal","status":"publish","type":"page","link":"https:\/\/www.parcelbox.net\/pt\/aviso-legal\/","title":{"rendered":"Aviso Legal"},"content":{"rendered":"<div data-elementor-type=\"wp-page\" data-elementor-id=\"1575\" class=\"elementor elementor-1575\" data-elementor-post-type=\"page\">\n\t\t\t\t<div class=\"elementor-element elementor-element-f8e0cec e-flex e-con-boxed e-con e-parent\" data-id=\"f8e0cec\" data-element_type=\"container\" data-e-type=\"container\" data-settings=\"{&quot;background_background&quot;:&quot;classic&quot;}\">\n\t\t\t\t\t<div class=\"e-con-inner\">\n\t\t<div class=\"elementor-element elementor-element-770b597 e-con-full e-flex e-con e-child\" data-id=\"770b597\" data-element_type=\"container\" data-e-type=\"container\">\n\t\t\t\t<div class=\"elementor-element elementor-element-858efc1 elementor-widget__width-initial elementor-widget-mobile__width-inherit elementor-widget elementor-widget-heading\" data-id=\"858efc1\" data-element_type=\"widget\" data-e-type=\"widget\" data-widget_type=\"heading.default\">\n\t\t\t\t\t<h1 class=\"elementor-heading-title elementor-size-default\">Aviso Legal<\/h1>\t\t\t\t<\/div>\n\t\t\t\t<\/div>\n\t\t\t\t\t<\/div>\n\t\t\t\t<\/div>\n\t\t<div class=\"elementor-element elementor-element-ef8ec92 e-flex e-con-boxed e-con e-parent\" data-id=\"ef8ec92\" data-element_type=\"container\" data-e-type=\"container\">\n\t\t\t\t\t<div class=\"e-con-inner\">\n\t\t<div class=\"elementor-element elementor-element-c6eab7d e-con-full e-flex e-con e-child\" data-id=\"c6eab7d\" data-element_type=\"container\" data-e-type=\"container\">\n\t\t\t\t<div class=\"elementor-element elementor-element-32252e2 elementor-widget elementor-widget-text-editor\" data-id=\"32252e2\" data-element_type=\"widget\" data-e-type=\"widget\" data-widget_type=\"text-editor.default\">\n\t\t\t\t\t\t\t\t\t<ol>\n<li><strong> Informa\u00e7\u00e3o geral<\/strong><\/li>\n<\/ol>\n<p>Em conformidade com o dever de informa\u00e7\u00e3o previsto na Lei 34\/2002, relativa aos Servi\u00e7os da Sociedade da Informa\u00e7\u00e3o e Com\u00e9rcio Eletr\u00f3nico (LSSI-CE), informamos os seguintes dados:<\/p>\n<p>Titular de la web:&nbsp;<span data-teams=\"true\"><span style=\"font-size: inherit;\">K-<\/span>ECommerce Hub Spain, S.A<\/span>, que act\u00faa bajo la marca comercial Parcel Box<\/p>\n<p>NIF: A02981694<\/p>\n<p>Sede social: Avenida Sur del Aeropuerto de Barajas, n\u00ba 16, 28042 Madrid.<\/p>\n<ol start=\"2\">\n<li><strong> Propriedade intelectual e industrial<\/strong><\/li>\n<\/ol>\n<p>Todos os conte\u00fados do site (textos, imagens, design gr\u00e1fico, c\u00f3digo fonte, marcas, log\u00f3tipos, etc.) s\u00e3o propriedade da Parcel Box ou de terceiros com os quais foi celebrado um acordo, e est\u00e3o protegidos pelas normas de propriedade intelectual e industrial.<\/p>\n<p>\u00c9 proibida a sua reprodu\u00e7\u00e3o, distribui\u00e7\u00e3o ou modifica\u00e7\u00e3o sem autoriza\u00e7\u00e3o expressa.<\/p>\n<ol start=\"3\">\n<li><strong> Responsabilidade<\/strong><\/li>\n<\/ol>\n<p>A Parcel Box n\u00e3o se responsabiliza pelo uso indevido dos conte\u00fados do seu site. Tamb\u00e9m n\u00e3o assumimos responsabilidade por informa\u00e7\u00f5es de terceiros inseridas atrav\u00e9s de links externos.<\/p>\n<ol start=\"4\">\n<li><strong> Legisla\u00e7\u00e3o aplic\u00e1vel<\/strong><\/li>\n<\/ol>\n<p>A rela\u00e7\u00e3o entre o utilizador e a Parcel Box ser\u00e1 regida pela legisla\u00e7\u00e3o portuguesa em vigor. Para a resolu\u00e7\u00e3o de conflitos, ambas as partes submeter-se-\u00e3o aos tribunais do domic\u00edlio do utilizador, desde que este se encontre em territ\u00f3rio portugu\u00eas.<\/p>\t\t\t\t\t\t\t\t<\/div>\n\t\t\t\t<\/div>\n\t\t\t\t\t<\/div>\n\t\t\t\t<\/div>\n\t\t\t\t<\/div>","protected":false},"excerpt":{"rendered":"<p>Aviso Legal Informaci\u00f3n general En cumplimiento con el deber de informaci\u00f3n recogido en la Ley 34\/2002, de Servicios de la Sociedad de la Informaci\u00f3n y Comercio Electr\u00f3nico (LSSI-CE), se informa de los siguientes datos: Titular de la web:&nbsp;K-ECommerce Hub Spain, S.A, que act\u00faa bajo la marca comercial Parcel Box NIF: A02981694 Domicilio social: Avenida Sur [&hellip;]<\/p>\n","protected":false},"author":2,"featured_media":188,"parent":0,"menu_order":0,"comment_status":"closed","ping_status":"closed","template":"elementor_theme","meta":{"footnotes":""},"class_list":["post-1575","page","type-page","status-publish","has-post-thumbnail","hentry"],"_links":{"self":[{"href":"https:\/\/www.parcelbox.net\/pt\/wp-json\/wp\/v2\/pages\/1575","targetHints":{"allow":["GET"]}}],"collection":[{"href":"https:\/\/www.parcelbox.net\/pt\/wp-json\/wp\/v2\/pages"}],"about":[{"href":"https:\/\/www.parcelbox.net\/pt\/wp-json\/wp\/v2\/types\/page"}],"author":[{"embeddable":true,"href":"https:\/\/www.parcelbox.net\/pt\/wp-json\/wp\/v2\/users\/2"}],"replies":[{"embeddable":true,"href":"https:\/\/www.parcelbox.net\/pt\/wp-json\/wp\/v2\/comments?post=1575"}],"version-history":[{"count":14,"href":"https:\/\/www.parcelbox.net\/pt\/wp-json\/wp\/v2\/pages\/1575\/revisions"}],"predecessor-version":[{"id":1671,"href":"https:\/\/www.parcelbox.net\/pt\/wp-json\/wp\/v2\/pages\/1575\/revisions\/1671"}],"wp:featuredmedia":[{"embeddable":true,"href":"https:\/\/www.parcelbox.net\/pt\/wp-json\/wp\/v2\/media\/188"}],"wp:attachment":[{"href":"https:\/\/www.parcelbox.net\/pt\/wp-json\/wp\/v2\/media?parent=1575"}],"curies":[{"name":"wp","href":"https:\/\/api.w.org\/{rel}","templated":true}]}}